{"id":9,"date":"2023-07-14T15:53:19","date_gmt":"2023-07-14T13:53:19","guid":{"rendered":"http:\/\/villasciurus.fr\/?page_id=9"},"modified":"2023-08-16T12:04:07","modified_gmt":"2023-08-16T10:04:07","slug":"9-2","status":"publish","type":"page","link":"https:\/\/villasciurus.fr\/","title":{"rendered":""},"content":{"rendered":"\n<div class=\"mob_reserver\"><a href=\"http:\/\/villasciurus.fr\/index.php\/tarifs\/\"><img decoding=\"async\" src=\"http:\/\/villadeauville.fr\/wp-content\/uploads\/2020\/06\/button_reserver.png\" alt=\"Faire une r\u00e9servation\" align=\"right\"><\/a><\/div>\n\n\n\n<div class=\"divleftaccueil\"><ul><li><img decoding=\"async\" src=\"http:\/\/villadeauville.fr\/wp-content\/uploads\/2020\/06\/picto-personnes-home.png\" width=\"32px\" height=\"32px\" style=\"padding-bottom:4px;margin-left:-5px;margin-bottom:5px;\">&nbsp;&nbsp;14 personnes<\/li><li><img decoding=\"async\" src=\"http:\/\/villadeauville.fr\/wp-content\/uploads\/2020\/06\/picto-salles-home.png\" width=\"35px\" height=\"35px\" style=\"padding-bottom:4px;margin-left:-5px;margin-bottom:5px;\">&nbsp;&nbsp;7 chambres<\/li><li><img decoding=\"async\" src=\"http:\/\/villadeauville.fr\/wp-content\/uploads\/2020\/06\/picto-salle-bain-home.png\" width=\"35px\" height=\"35px\" style=\"padding-bottom:4px;margin-left:-5px;margin-bottom:5px;\">&nbsp;&nbsp;7 salles de bain<\/li><li><img decoding=\"async\" src=\"http:\/\/villadeauville.fr\/wp-content\/uploads\/2020\/06\/picto-piscine-home.png\" width=\"35px\" height=\"35px\" style=\"padding-bottom:4px;margin-left:-5px;margin-bottom:5px;\">&nbsp;&nbsp;Piscine 13m, chauff\u00e9e<\/li><li><img decoding=\"async\" src=\"http:\/\/villapylasurmer.fr\/wp-content\/uploads\/2021\/02\/picto-jardin-home.png\" width=\"35px\" height=\"35px\" style=\"padding-bottom:4px;margin-left:-5px;margin-bottom:5px;\">&nbsp;&nbsp;Jardin 3000m\u00b2<\/li><li><img decoding=\"async\" src=\"http:\/\/villadeauville.fr\/wp-content\/uploads\/2020\/06\/picto-wifi1.png\" width=\"30px\" height=\"30px\" style=\"padding-bottom:4px;margin-left:-3px;\">&nbsp;&nbsp;&nbsp;Wifi<\/li><\/ul><\/div>\n\n\n\n<div width=\"100%\"><p>La villa SCIURUS est situ\u00e9e \u00e0 SOORTS-HOSSEGOR \u00e0 deux pas du centre ville, du lac et de l\u2019oc\u00e9an. Construite en 1930 par les fr\u00e8res GOMEZ, architectes embl\u00e9matiques de la station, elle est id\u00e9alement situ\u00e9e au c\u0153ur de la station et juste \u00e0 c\u00f4t\u00e9 du Sporting Casino.<br><br>\nLa villa permet d\u2019accueillir de 2 \u00e0 14 personnes. Elle poss\u00e8de une grande piscine chauff\u00e9e et un grand jardin de 3000m2.<br><br>\nAvec ses 7 chambres th\u00e9matis\u00e9es toutes \u00e9quip\u00e9es de salles de bain, son grand s\u00e9jour, sa chemin\u00e9e, ses grandes terrasses, cette maison est id\u00e9ale pour un s\u00e9jour en famille, entre amis ou pour un usage professionnel.\n<br><br>Emmanuel<\/p><\/div>\n\n\n\n<p><\/p>\n\n\n\n<figure class=\"wp-block-image size-full\"><img loading=\"lazy\" decoding=\"async\" width=\"997\" height=\"186\" src=\"http:\/\/villasciurus.fr\/wp-content\/uploads\/2023\/08\/villa-Sciurus-arches.jpg\" alt=\"\" class=\"wp-image-231\" srcset=\"https:\/\/villasciurus.fr\/wp-content\/uploads\/2023\/08\/villa-Sciurus-arches.jpg 997w, https:\/\/villasciurus.fr\/wp-content\/uploads\/2023\/08\/villa-Sciurus-arches-300x56.jpg 300w, https:\/\/villasciurus.fr\/wp-content\/uploads\/2023\/08\/villa-Sciurus-arches-768x143.jpg 768w\" sizes=\"auto, (max-width: 997px) 100vw, 997px\" \/><\/figure>\n","protected":false},"excerpt":{"rendered":"<p>&nbsp;&nbsp;14 personnes &nbsp;&nbsp;7 chambres &nbsp;&nbsp;7 salles de bain &nbsp;&nbsp;Piscine 13m, chauff\u00e9e &nbsp;&nbsp;Jardin 3000m\u00b2 &nbsp;&nbsp;&nbsp;Wifi La villa SCIURUS est situ\u00e9e \u00e0 SOORTS-HOSSEGOR \u00e0 deux pas du centre ville, du lac et de l\u2019oc\u00e9an. Construite en 1930 par les fr\u00e8res GOMEZ, architectes &hellip; <a href=\"https:\/\/villasciurus.fr\/\">Continued<\/a><\/p>\n","protected":false},"author":1,"featured_media":0,"parent":0,"menu_order":0,"comment_status":"closed","ping_status":"closed","template":"","meta":{"kt_blocks_editor_width":"","footnotes":""},"class_list":["post-9","page","type-page","status-publish","hentry"],"_links":{"self":[{"href":"https:\/\/villasciurus.fr\/index.php\/wp-json\/wp\/v2\/pages\/9","targetHints":{"allow":["GET"]}}],"collection":[{"href":"https:\/\/villasciurus.fr\/index.php\/wp-json\/wp\/v2\/pages"}],"about":[{"href":"https:\/\/villasciurus.fr\/index.php\/wp-json\/wp\/v2\/types\/page"}],"author":[{"embeddable":true,"href":"https:\/\/villasciurus.fr\/index.php\/wp-json\/wp\/v2\/users\/1"}],"replies":[{"embeddable":true,"href":"https:\/\/villasciurus.fr\/index.php\/wp-json\/wp\/v2\/comments?post=9"}],"version-history":[{"count":16,"href":"https:\/\/villasciurus.fr\/index.php\/wp-json\/wp\/v2\/pages\/9\/revisions"}],"predecessor-version":[{"id":232,"href":"https:\/\/villasciurus.fr\/index.php\/wp-json\/wp\/v2\/pages\/9\/revisions\/232"}],"wp:attachment":[{"href":"https:\/\/villasciurus.fr\/index.php\/wp-json\/wp\/v2\/media?parent=9"}],"curies":[{"name":"wp","href":"https:\/\/api.w.org\/{rel}","templated":true}]}}