{"id":34,"date":"2023-07-14T17:17:47","date_gmt":"2023-07-14T15:17:47","guid":{"rendered":"http:\/\/villasciurus.fr\/?page_id=34"},"modified":"2023-09-20T16:02:59","modified_gmt":"2023-09-20T14:02:59","slug":"hossegor","status":"publish","type":"page","link":"https:\/\/villasciurus.fr\/index.php\/hossegor\/","title":{"rendered":"HOSSEGOR"},"content":{"rendered":"\n<p><\/p>\n\n\n\n<div class=\"wp-block-media-text alignwide is-stacked-on-mobile is-vertically-aligned-center\"><figure class=\"wp-block-media-text__media\"><img loading=\"lazy\" decoding=\"async\" width=\"800\" height=\"600\" src=\"http:\/\/villasciurus.fr\/wp-content\/uploads\/2023\/07\/5-1.jpg\" alt=\"\" class=\"wp-image-193 size-full\" srcset=\"https:\/\/villasciurus.fr\/wp-content\/uploads\/2023\/07\/5-1.jpg 800w, https:\/\/villasciurus.fr\/wp-content\/uploads\/2023\/07\/5-1-300x225.jpg 300w, https:\/\/villasciurus.fr\/wp-content\/uploads\/2023\/07\/5-1-768x576.jpg 768w\" sizes=\"auto, (max-width: 800px) 100vw, 800px\" \/><\/figure><div class=\"wp-block-media-text__content\">\n<p>La commune de SOORTS associ\u00e9e au quartier de HOSSEGOR devient le lieu de vill\u00e9giature du monde litt\u00e9raire et intellectuel d\u00e9but 1900. La station baln\u00e9aire elle, nait en 1931.<\/p>\n\n\n\n<p>Le site naturel&nbsp;exceptionnel&nbsp;de Hossegor&nbsp;va inspirer les plus grands architectes&nbsp;: Henri Godbarge, Louis et Benjamin Gomez, Robert Maurice et Louis Lagrange, qui vont construire&nbsp;quelques 400 villas dans cette nouvelle station baln\u00e9aire. Chaque maison diff\u00e8re de sa voisine mais toutes sont construites dans une unit\u00e9 d\u2019expression \u2013 le style basco-landais \u2013 qui concilie technique moderne et inspiration r\u00e9gionaliste.&nbsp;<\/p>\n\n\n\n<p>Vers le d\u00e9but des ann\u00e9es 1930, les fr\u00e8res Gomez construisent la place des Landais, premier am\u00e9nagement du front de mer de la commune. Elle est tr\u00e8s originale pour l&#8217;\u00e9poque&nbsp;avec&nbsp;des villas align\u00e9es dites \u00ab&nbsp;en bande&nbsp;\u00bb.<\/p>\n\n\n\n<p>Certains h\u00f4tels sont construits \u00e0 cette \u00e9poque, comme Les Hortensias du Lac, l&#8217;H\u00f4tel du Parc (fr\u00e8res Gomez) et le Mercedes. Le slogan de l\u2019\u00e9poque \u00e9tait \u00ab&nbsp;Hossegor La station baln\u00e9aire des sports \u00e9l\u00e9gants&nbsp;\u00bb. Le&nbsp;Sporting Casino, complexe sportif avec piscine, tennis et fronton de pelote basque&nbsp;est construit \u00e0 partir de 1927. Il&nbsp;va attirer une client\u00e8le&nbsp;\u00e9l\u00e9gante&nbsp;et fortun\u00e9e.&nbsp;Cette m\u00eame ann\u00e9e, un magnifique golf sort de terre.<\/p>\n\n\n\n<p><\/p>\n<\/div><\/div>\n\n\n\n<div class=\"wp-block-media-text alignfull has-media-on-the-right is-stacked-on-mobile\"><div class=\"wp-block-media-text__content\">\n<p>Cependant c\u2019est un autre sport qui va&nbsp;r\u00e9volutionner Hossegor&nbsp;: Le Surf. Le Surfeur fran\u00e7ais, Jack Rott,&nbsp;essaye au printemps 1957 une planche&nbsp;\u00e0 l\u2019\u00e9pi Nord d\u2019Hossegor sur la c\u00f4te landaise.&nbsp;Imm\u00e9diatement, il r\u00e9ussit \u00e0 se lever et \u00e0 surfer la vague jusqu\u2019au bord.&nbsp;Les premiers surfeurs apparaissent sur la plage de la Gravi\u00e8re \u00e0 Hossegor et sur la c\u00f4te Basco-landaise au milieu des ann\u00e9es 60 et la station devient rapidement&nbsp;<strong>un spot mythique du surf dans les ann\u00e9es 60-70.<\/strong><\/p>\n\n\n\n<p>Elle&nbsp;attire&nbsp;alors&nbsp;les surfeurs du monde entier. Le Sud-Ouest entre Biarritz et Hossegor est&nbsp;surnomm\u00e9e \u201dla Californie de l\u2019Europe\u201d.<\/p>\n\n\n\n<p>Aujourd\u2019hui, HOSSEGOR vous offre trois ambiances diff\u00e9rentes\u00a0:<\/p>\n\n\n<style>.wp-block-kadence-iconlist.kt-svg-icon-list-items_c330b6-21 ul.kt-svg-icon-list:not(.this-prevents-issues):not(.this-stops-third-party-issues):not(.tijsloc){margin-top:0px;margin-right:0px;margin-bottom:var(--global-kb-spacing-sm, 1.5rem);margin-left:0px;}.wp-block-kadence-iconlist.kt-svg-icon-list-items_c330b6-21 ul.kt-svg-icon-list{grid-row-gap:5px;}.wp-block-kadence-iconlist.kt-svg-icon-list-items_c330b6-21 ul.kt-svg-icon-list .kt-svg-icon-list-item-wrap .kt-svg-icon-list-single{margin-right:10px;}.kt-svg-icon-list-items_c330b6-21 ul.kt-svg-icon-list .kt-svg-icon-list-level-0 .kt-svg-icon-list-single svg{font-size:20px;}@media all and (max-width: 1024px){.wp-block-kadence-iconlist.kt-svg-icon-list-items_c330b6-21 ul.kt-svg-icon-list{grid-row-gap:5px;}}@media all and (max-width: 767px){.wp-block-kadence-iconlist.kt-svg-icon-list-items_c330b6-21 ul.kt-svg-icon-list{grid-row-gap:5px;}}<\/style>\n<div class=\"wp-block-kadence-iconlist kt-svg-icon-list-items kt-svg-icon-list-items_c330b6-21 kt-svg-icon-list-columns-1 alignnone\"><ul class=\"kt-svg-icon-list\">\n<li class=\"wp-block-kadence-listitem kt-svg-icon-list-item-wrap kt-svg-icon-list-item-_8f9a08-f7\"><span class=\"kb-svg-icon-wrap kb-svg-icon-fas_swimmer kt-svg-icon-list-single\"><svg viewBox=\"0 0 640 512\"  fill=\"currentColor\" xmlns=\"http:\/\/www.w3.org\/2000\/svg\" ><path d=\"M189.61 310.58c3.54 3.26 15.27 9.42 34.39 9.42s30.86-6.16 34.39-9.42c16.02-14.77 34.5-22.58 53.46-22.58h16.3c18.96 0 37.45 7.81 53.46 22.58 3.54 3.26 15.27 9.42 34.39 9.42s30.86-6.16 34.39-9.42c14.86-13.71 31.88-21.12 49.39-22.16l-112.84-80.6 18-12.86c3.64-2.58 8.28-3.52 12.62-2.61l100.35 21.53c25.91 5.53 51.44-10.97 57-36.88 5.55-25.92-10.95-51.44-36.88-57L437.68 98.47c-30.73-6.58-63.02.12-88.56 18.38l-80.02 57.17c-10.38 7.39-19.36 16.44-26.72 26.94L173.75 299c5.47 3.23 10.82 6.93 15.86 11.58zM624 352h-16c-26.04 0-45.8-8.42-56.09-17.9-8.9-8.21-19.66-14.1-31.77-14.1h-16.3c-12.11 0-22.87 5.89-31.77 14.1C461.8 343.58 442.04 352 416 352s-45.8-8.42-56.09-17.9c-8.9-8.21-19.66-14.1-31.77-14.1h-16.3c-12.11 0-22.87 5.89-31.77 14.1C269.8 343.58 250.04 352 224 352s-45.8-8.42-56.09-17.9c-8.9-8.21-19.66-14.1-31.77-14.1h-16.3c-12.11 0-22.87 5.89-31.77 14.1C77.8 343.58 58.04 352 32 352H16c-8.84 0-16 7.16-16 16v32c0 8.84 7.16 16 16 16h16c38.62 0 72.72-12.19 96-31.84 23.28 19.66 57.38 31.84 96 31.84s72.72-12.19 96-31.84c23.28 19.66 57.38 31.84 96 31.84s72.72-12.19 96-31.84c23.28 19.66 57.38 31.84 96 31.84h16c8.84 0 16-7.16 16-16v-32c0-8.84-7.16-16-16-16zm-512-96c44.18 0 80-35.82 80-80s-35.82-80-80-80-80 35.82-80 80 35.82 80 80 80z\"\/><\/svg><\/span><span class=\"kt-svg-icon-list-text\">Sportive du c\u00f4t\u00e9 de l\u2019Oc\u00e9an<\/span><\/li>\n\n\n\n<li class=\"wp-block-kadence-listitem kt-svg-icon-list-item-wrap kt-svg-icon-list-item-_0240bc-4d\"><span class=\"kb-svg-icon-wrap kb-svg-icon-fas_umbrella-beach kt-svg-icon-list-single\"><svg viewBox=\"0 0 640 512\"  fill=\"currentColor\" xmlns=\"http:\/\/www.w3.org\/2000\/svg\" ><path d=\"M115.38 136.9l102.11 37.18c35.19-81.54 86.21-144.29 139-173.7-95.88-4.89-188.78 36.96-248.53 111.8-6.69 8.4-2.66 21.05 7.42 24.72zm132.25 48.16l238.48 86.83c35.76-121.38 18.7-231.66-42.63-253.98-7.4-2.7-15.13-4-23.09-4-58.02.01-128.27 69.17-172.76 171.15zM521.48 60.5c6.22 16.3 10.83 34.6 13.2 55.19 5.74 49.89-1.42 108.23-18.95 166.98l102.62 37.36c10.09 3.67 21.31-3.43 21.57-14.17 2.32-95.69-41.91-187.44-118.44-245.36zM560 447.98H321.06L386 269.5l-60.14-21.9-72.9 200.37H16c-8.84 0-16 7.16-16 16.01v32.01C0 504.83 7.16 512 16 512h544c8.84 0 16-7.17 16-16.01v-32.01c0-8.84-7.16-16-16-16z\"\/><\/svg><\/span><span class=\"kt-svg-icon-list-text\">Paisible du c\u00f4t\u00e9 du Lac<\/span><\/li>\n\n\n\n<li class=\"wp-block-kadence-listitem kt-svg-icon-list-item-wrap kt-svg-icon-list-item-_99526e-e8\"><span class=\"kb-svg-icon-wrap kb-svg-icon-fas_cocktail kt-svg-icon-list-single\"><svg viewBox=\"0 0 576 512\"  fill=\"currentColor\" xmlns=\"http:\/\/www.w3.org\/2000\/svg\" ><path d=\"M296 464h-56V338.78l168.74-168.73c15.52-15.52 4.53-42.05-17.42-42.05H24.68c-21.95 0-32.94 26.53-17.42 42.05L176 338.78V464h-56c-22.09 0-40 17.91-40 40 0 4.42 3.58 8 8 8h240c4.42 0 8-3.58 8-8 0-22.09-17.91-40-40-40zM432 0c-62.61 0-115.35 40.2-135.18 96h52.54c16.65-28.55 47.27-48 82.64-48 52.93 0 96 43.06 96 96s-43.07 96-96 96c-14.04 0-27.29-3.2-39.32-8.64l-35.26 35.26C379.23 279.92 404.59 288 432 288c79.53 0 144-64.47 144-144S511.53 0 432 0z\"\/><\/svg><\/span><span class=\"kt-svg-icon-list-text\">Anim\u00e9e dans le centre ville avec ses boutiques et ses restaurants<\/span><\/li>\n<\/ul><\/div>\n<\/div><figure class=\"wp-block-media-text__media\"><img loading=\"lazy\" decoding=\"async\" width=\"1024\" height=\"658\" src=\"http:\/\/villasciurus.fr\/wp-content\/uploads\/2023\/07\/4-1-1024x658.jpg\" alt=\"\" class=\"wp-image-194 size-full\" srcset=\"https:\/\/villasciurus.fr\/wp-content\/uploads\/2023\/07\/4-1-1024x658.jpg 1024w, https:\/\/villasciurus.fr\/wp-content\/uploads\/2023\/07\/4-1-300x193.jpg 300w, https:\/\/villasciurus.fr\/wp-content\/uploads\/2023\/07\/4-1-768x493.jpg 768w, https:\/\/villasciurus.fr\/wp-content\/uploads\/2023\/07\/4-1-80x50.jpg 80w, https:\/\/villasciurus.fr\/wp-content\/uploads\/2023\/07\/4-1.jpg 1090w\" sizes=\"auto, (max-width: 1024px) 100vw, 1024px\" \/><\/figure><\/div>\n","protected":false},"excerpt":{"rendered":"<p>La commune de SOORTS associ\u00e9e au quartier de HOSSEGOR devient le lieu de vill\u00e9giature du monde litt\u00e9raire et intellectuel d\u00e9but 1900. La station baln\u00e9aire elle, nait en 1931. Le site naturel&nbsp;exceptionnel&nbsp;de Hossegor&nbsp;va inspirer les plus grands architectes&nbsp;: Henri Godbarge, Louis &hellip; <a href=\"https:\/\/villasciurus.fr\/index.php\/hossegor\/\">Continued<\/a><\/p>\n","protected":false},"author":1,"featured_media":0,"parent":0,"menu_order":0,"comment_status":"closed","ping_status":"closed","template":"","meta":{"kt_blocks_editor_width":"","footnotes":""},"class_list":["post-34","page","type-page","status-publish","hentry"],"_links":{"self":[{"href":"https:\/\/villasciurus.fr\/index.php\/wp-json\/wp\/v2\/pages\/34","targetHints":{"allow":["GET"]}}],"collection":[{"href":"https:\/\/villasciurus.fr\/index.php\/wp-json\/wp\/v2\/pages"}],"about":[{"href":"https:\/\/villasciurus.fr\/index.php\/wp-json\/wp\/v2\/types\/page"}],"author":[{"embeddable":true,"href":"https:\/\/villasciurus.fr\/index.php\/wp-json\/wp\/v2\/users\/1"}],"replies":[{"embeddable":true,"href":"https:\/\/villasciurus.fr\/index.php\/wp-json\/wp\/v2\/comments?post=34"}],"version-history":[{"count":6,"href":"https:\/\/villasciurus.fr\/index.php\/wp-json\/wp\/v2\/pages\/34\/revisions"}],"predecessor-version":[{"id":269,"href":"https:\/\/villasciurus.fr\/index.php\/wp-json\/wp\/v2\/pages\/34\/revisions\/269"}],"wp:attachment":[{"href":"https:\/\/villasciurus.fr\/index.php\/wp-json\/wp\/v2\/media?parent=34"}],"curies":[{"name":"wp","href":"https:\/\/api.w.org\/{rel}","templated":true}]}}