{"id":32,"date":"2023-07-14T17:17:29","date_gmt":"2023-07-14T15:17:29","guid":{"rendered":"http:\/\/villasciurus.fr\/?page_id=32"},"modified":"2025-06-18T11:07:33","modified_gmt":"2025-06-18T09:07:33","slug":"tarifs","status":"publish","type":"page","link":"https:\/\/villasciurus.fr\/index.php\/tarifs\/","title":{"rendered":"TARIFS"},"content":{"rendered":"\n<p><strong>Meilleurs tarifs garantis sur ce site, en direct avec le propri\u00e9taire<\/strong><\/p>\n<table width=\"100%\" cellspacing=\"0\" align=\"top\">\n<tbody>\n<tr>\n<td style=\"vertical-align: top;\" align=\"top\" width=\"68%\">\n<table width=\"100%\" cellspacing=\"0\" cellpadding=\"0\">\n<tbody>\n<tr>\n<td id=\"tablepicto\"><img decoding=\"async\" style=\"padding-bottom: 4px;\" src=\"http:\/\/www.arkade-immobilier.fr\/iledere\/wp-content\/uploads\/2014\/07\/parasol_blanc7.png\" alt=\"\" \/><\/td>\n<td id=\"tabletitre\">BASSE SAISON <span style=\"font-size: 0.8em;\">(semaine)<\/span><\/td>\n<td id=\"tablehouse\" width=\"35%\">VillaSciurus<\/td>\n<\/tr>\n<tr>\n<td id=\"tablecontent\" colspan=\"2\">Septembre \/ Octobre<\/td>\n<td id=\"tableprice\">4000 \u00e0 7000 \u20ac<\/td>\n<\/tr>\n<tr>\n<td id=\"tablecontent\" colspan=\"2\">Novembre \u00e0 Mars<\/td>\n<td id=\"tableprice\">4000 \u00e0 7000 \u20ac<\/td>\n<\/tr>\n\n<\/tbody>\n<\/table>\n<table width=\"100%\" cellspacing=\"0\" cellpadding=\"0\">\n<tbody>\n<tr>\n<td id=\"tablepicto\"><img decoding=\"async\" style=\"padding-bottom: 4px;\" src=\"http:\/\/www.arkade-immobilier.fr\/iledere\/wp-content\/uploads\/2014\/07\/parasol_blanc7.png\" alt=\"\" \/><\/td>\n<td id=\"tabletitre\">HAUTE SAISON <span style=\"font-size: 0.8em;\">(semaine)<\/span><\/td>\n<td id=\"tablehouse\" width=\"35%\">Villa Sciurus<\/td>\n<\/tr>\n<tr>\n<td id=\"tablecontent\" colspan=\"2\">Premi\u00e8re semaine de juillet<\/td>\n<td id=\"tableprice\">17 000\u00a0\u20ac<\/td>\n<\/tr>\n<tr>\n<td id=\"tablecontent\" colspan=\"2\">3 derni\u00e8res semaines de juillet &amp; 3 premi\u00e8res d&#8217;ao\u00fbt<\/td>\n<td id=\"tableprice\">20 000\u00a0\u20ac<\/td>\n<\/tr>\n<tr>\n<td id=\"tablecontent\" colspan=\"2\">Derni\u00e8re semaine d&#8217;ao\u00fbt<\/td>\n<td id=\"tableprice\">17 000\u00a0\u20ac<\/td>\n<\/tr>\n<\/tbody>\n<\/table>\n<table width=\"100%\" cellspacing=\"0\" cellpadding=\"0\">\n<tbody>\n<tr>\n<td id=\"tablepicto\"><img decoding=\"async\" style=\"padding-bottom: 4px;\" src=\"http:\/\/www.arkade-immobilier.fr\/iledere\/wp-content\/uploads\/2014\/07\/parasol_blanc7.png\" alt=\"\" \/><\/td>\n<td id=\"tabletitre\">MOYENNE SAISON <span style=\"font-size: 0.8em;\">(semaine)<\/span><\/td>\n<td id=\"tablehouse\" width=\"35%\">Villa Sciurus<\/td>\n<\/tr>\n<tr>\n<td id=\"tablecontent\" colspan=\"2\">Toussaint<\/td>\n<td id=\"tableprice\">7000 \u20ac<\/td>\n<\/tr>\n<tr>\n<td id=\"tablecontent\" colspan=\"2\">No\u00ebl \/ Jour de l&#8217;an<\/td>\n<td id=\"tableprice\">4000 \u00e0 5500 \u20ac<\/td>\n<\/tr>\n<tr>\n<td id=\"tablecontent\" colspan=\"2\">P\u00e2ques<\/td>\n<td id=\"tableprice\">5000 \u00e0 7000 \u20ac<\/td>\n<\/tr>\n<tr>\n<td id=\"tablecontent\" colspan=\"2\">Mai\/Juin<\/td>\n<td id=\"tableprice\">5000 \u00e0 7100 \u20ac<\/td>\n<\/tr>\n<\/tbody>\n<\/table>\n<table width=\"100%\" cellspacing=\"0\" cellpadding=\"0\">\n<tbody>\n<tr>\n<td id=\"tablepicto\"><img decoding=\"async\" style=\"padding-bottom: 4px;\" src=\"http:\/\/www.arkade-immobilier.fr\/iledere\/wp-content\/uploads\/2014\/07\/parasol_blanc7.png\" alt=\"\" \/><\/td>\n<td id=\"tabletitre\">WEEK-END<\/td>\n<td id=\"tablehouse\" width=\"35%\">Villa Sciurus<\/td>\n<\/tr>\n<tr>\n<td id=\"tablecontent\" colspan=\"2\">Week-end<\/td>\n<td id=\"tableprice\">2200 \u00e0 4000 \u20ac<\/td>\n<\/tr>\n<tr>\n<td id=\"tablecontent\" colspan=\"2\">Week-end prolong\u00e9<\/td>\n<td id=\"tableprice\">3000 \u00e0 5500 \u20ac<\/td>\n<\/tr>\n<tr>\n<td colspan=\"3\">\u00a0<\/td>\n<\/tr>\n<\/tbody>\n<\/table>\n<\/td>\n<td width=\"7%\">\u00a0<\/td>\n<td style=\"vertical-align: top; ;padding: 0px;\" align=\"top\">\n<table style=\"vertical-align: top;\" cellspacing=\"0\" cellpadding=\"0px\" align=\"top\">\n<tbody style=\"vertical-align: top;\" align=\"top\">\n<tr style=\"vertical-align: top;\" align=\"top\">\n<td style=\"vertical-align: top; padding: 0px;\" align=\"top\" width=\"48%\"><!-- d\u00e9but ke-booking -->\n<div id=\"ke-booking-frame\" style=\"vertical-align: top;\"><script src=\"https:\/\/widgets.ke-booking.com\/fr\/owner\/site\/widget\/js\/P9405d5b0cfed3f610e0f50b1\/ke-booking.js\" type=\"text\/javascript\"><\/script><\/div>\n<\/td>\n<\/tr>\n<tr>\n<td>Vous pouvez aussi nous contacter en nous \u00e9crivant \u00e0 <a href=\"mailto:contact@lesmaisonsfabel.com\">contact@lesmaisonsfabel.com<\/a><\/td>\n<\/tr>\n<\/tbody>\n<\/table>\n<\/td>\n<\/tr>\n<\/tbody>\n<\/table>\n<p><strong>A ces tarifs s&#8217;ajoutent les forfaits suivants :<\/strong><\/p>\n<ul>\n<li><img decoding=\"async\" src=\"http:\/\/maisonpiquecos.fr\/wp-content\/uploads\/2019\/06\/bullet.png\" \/>\u00a0\u00a0Forfait m\u00e9nage de 150\u00a0\u20ac<span style=\"font-weight: bold; color: #d30707;\">\u00a0<\/span><\/li>\n<li><img decoding=\"async\" src=\"http:\/\/maisonpiquecos.fr\/wp-content\/uploads\/2019\/06\/bullet.png\" \/>\u00a0\u00a0Location de linge de maison (lit : 15\u00a0\u20ac par lit occup\u00e9 pour les courts s\u00e9jours)<\/li>\n<li><img decoding=\"async\" src=\"http:\/\/maisonpiquecos.fr\/wp-content\/uploads\/2019\/06\/bullet.png\" \/>\u00a0 Forfait Energie\u00a0selon les \u00e9volutions du march\u00e9<\/li>\n<li><img decoding=\"async\" src=\"http:\/\/maisonpiquecos.fr\/wp-content\/uploads\/2019\/06\/bullet.png\" \/>\u00a0\u00a0Taxe de s\u00e9jour par personne adulte et par nuit\u00e9e<\/li>\n<\/ul>\n<p><a href=\"https:\/\/reservation.ke-booking.com\/acc\/v2\/show?&amp;lang=fr&amp;tok=P9405d5b0cfed3f610e0f50b1&amp;pid=P7669596&amp;krc=98defd6ee70dfb1dea416cecdf391f58\" target=\"_blank\" rel=\"noopener noreferrer\"> <!-- <img decoding=\"async\" src=\"https:\/\/www.ke-booking.com\/images\/buttons\/darkgray-button-fr.png\" rel=\"lightbox\" alt=\"\" \/>--><\/a><\/p>\n","protected":false},"excerpt":{"rendered":"<p>Meilleurs tarifs garantis sur ce site, en direct avec le propri\u00e9taire BASSE SAISON (semaine) VillaSciurus Septembre \/ Octobre 4000 \u00e0 7000 \u20ac Novembre \u00e0 Mars 4000 \u00e0 7000 \u20ac HAUTE SAISON (semaine) Villa Sciurus Premi\u00e8re semaine de juillet 17 000\u00a0\u20ac &hellip; <a href=\"https:\/\/villasciurus.fr\/index.php\/tarifs\/\">Continued<\/a><\/p>\n","protected":false},"author":1,"featured_media":0,"parent":0,"menu_order":0,"comment_status":"closed","ping_status":"closed","template":"","meta":{"kt_blocks_editor_width":"","footnotes":""},"class_list":["post-32","page","type-page","status-publish","hentry"],"_links":{"self":[{"href":"https:\/\/villasciurus.fr\/index.php\/wp-json\/wp\/v2\/pages\/32","targetHints":{"allow":["GET"]}}],"collection":[{"href":"https:\/\/villasciurus.fr\/index.php\/wp-json\/wp\/v2\/pages"}],"about":[{"href":"https:\/\/villasciurus.fr\/index.php\/wp-json\/wp\/v2\/types\/page"}],"author":[{"embeddable":true,"href":"https:\/\/villasciurus.fr\/index.php\/wp-json\/wp\/v2\/users\/1"}],"replies":[{"embeddable":true,"href":"https:\/\/villasciurus.fr\/index.php\/wp-json\/wp\/v2\/comments?post=32"}],"version-history":[{"count":11,"href":"https:\/\/villasciurus.fr\/index.php\/wp-json\/wp\/v2\/pages\/32\/revisions"}],"predecessor-version":[{"id":321,"href":"https:\/\/villasciurus.fr\/index.php\/wp-json\/wp\/v2\/pages\/32\/revisions\/321"}],"wp:attachment":[{"href":"https:\/\/villasciurus.fr\/index.php\/wp-json\/wp\/v2\/media?parent=32"}],"curies":[{"name":"wp","href":"https:\/\/api.w.org\/{rel}","templated":true}]}}