{"id":27,"date":"2023-07-14T17:14:59","date_gmt":"2023-07-14T15:14:59","guid":{"rendered":"http:\/\/villasciurus.fr\/?page_id=27"},"modified":"2025-09-26T15:41:16","modified_gmt":"2025-09-26T13:41:16","slug":"services","status":"publish","type":"page","link":"https:\/\/villasciurus.fr\/index.php\/services\/","title":{"rendered":"EXP\u00c9RIENCES"},"content":{"rendered":"\n<div class=\"wp-block-media-text alignwide is-stacked-on-mobile\"><figure class=\"wp-block-media-text__media\"><img loading=\"lazy\" decoding=\"async\" width=\"1024\" height=\"717\" src=\"http:\/\/villasciurus.fr\/wp-content\/uploads\/2023\/07\/lesmaisonsfabel-services-1024x717.jpg\" alt=\"\" class=\"wp-image-223 size-full\" srcset=\"https:\/\/villasciurus.fr\/wp-content\/uploads\/2023\/07\/lesmaisonsfabel-services-1024x717.jpg 1024w, https:\/\/villasciurus.fr\/wp-content\/uploads\/2023\/07\/lesmaisonsfabel-services-300x210.jpg 300w, https:\/\/villasciurus.fr\/wp-content\/uploads\/2023\/07\/lesmaisonsfabel-services-768x538.jpg 768w, https:\/\/villasciurus.fr\/wp-content\/uploads\/2023\/07\/lesmaisonsfabel-services.jpg 1125w\" sizes=\"auto, (max-width: 1024px) 100vw, 1024px\" \/><\/figure><div class=\"wp-block-media-text__content\">\n<h2 class=\"wp-block-heading\">SERVICE<\/h2>\n\n\n<style>.wp-block-kadence-iconlist.kt-svg-icon-list-items_520436-88 ul.kt-svg-icon-list:not(.this-prevents-issues):not(.this-stops-third-party-issues):not(.tijsloc){margin-top:0px;margin-right:0px;margin-bottom:var(--global-kb-spacing-sm, 1.5rem);margin-left:0px;}.wp-block-kadence-iconlist.kt-svg-icon-list-items_520436-88 ul.kt-svg-icon-list{grid-row-gap:5px;}.wp-block-kadence-iconlist.kt-svg-icon-list-items_520436-88 .kb-svg-icon-wrap{font-size:40px;}.wp-block-kadence-iconlist.kt-svg-icon-list-items_520436-88 ul.kt-svg-icon-list .kt-svg-icon-list-item-wrap .kt-svg-icon-list-single{margin-right:10px;}.kt-svg-icon-list-items_520436-88 ul.kt-svg-icon-list .kt-svg-icon-list-level-0 .kt-svg-icon-list-single svg{font-size:20px;}@media all and (max-width: 1024px){.wp-block-kadence-iconlist.kt-svg-icon-list-items_520436-88 ul.kt-svg-icon-list{grid-row-gap:5px;}}@media all and (max-width: 767px){.wp-block-kadence-iconlist.kt-svg-icon-list-items_520436-88 ul.kt-svg-icon-list{grid-row-gap:5px;}}<\/style>\n<div class=\"wp-block-kadence-iconlist kt-svg-icon-list-items kt-svg-icon-list-items_520436-88 kt-svg-icon-list-columns-1 alignnone\"><ul class=\"kt-svg-icon-list\">\n<li class=\"wp-block-kadence-listitem kt-svg-icon-list-item-wrap kt-svg-icon-list-item-_416939-43 kt-svg-icon-list-level-1\"><span class=\"kb-svg-icon-wrap kb-svg-icon-ic_person kt-svg-icon-list-single\"><svg viewBox=\"0 0 8 8\"  fill=\"currentColor\" xmlns=\"http:\/\/www.w3.org\/2000\/svg\" ><path d=\"M4 0c-1.1 0-2 1.12-2 2.5s.9 2.5 2 2.5 2-1.12 2-2.5-.9-2.5-2-2.5zm-2.09 5c-1.06.05-1.91.92-1.91 2v1h8v-1c0-1.08-.84-1.95-1.91-2-.54.61-1.28 1-2.09 1-.81 0-1.55-.39-2.09-1z\"\/><\/svg><\/span><span class=\"kt-svg-icon-list-text\">Une personne d\u00e9di\u00e9e est \u00e0 votre disposition pour faciliter votre s\u00e9jour : accueil,\u00a0 aide pour r\u00e9server un restaurant, clubs pour les enfants, activit\u00e9s sportives (surf, padel, tennis)\u2026<\/span><\/li>\n\n\n\n<li class=\"wp-block-kadence-listitem kt-svg-icon-list-item-wrap kt-svg-icon-list-item-_959eb4-3d kt-svg-icon-list-level-1\"><span class=\"kb-svg-icon-wrap kb-svg-icon-fas_hotel kt-svg-icon-list-single\"><svg viewBox=\"0 0 576 512\"  fill=\"currentColor\" xmlns=\"http:\/\/www.w3.org\/2000\/svg\" ><path d=\"M560 64c8.84 0 16-7.16 16-16V16c0-8.84-7.16-16-16-16H16C7.16 0 0 7.16 0 16v32c0 8.84 7.16 16 16 16h15.98v384H16c-8.84 0-16 7.16-16 16v32c0 8.84 7.16 16 16 16h240v-80c0-8.8 7.2-16 16-16h32c8.8 0 16 7.2 16 16v80h240c8.84 0 16-7.16 16-16v-32c0-8.84-7.16-16-16-16h-16V64h16zm-304 44.8c0-6.4 6.4-12.8 12.8-12.8h38.4c6.4 0 12.8 6.4 12.8 12.8v38.4c0 6.4-6.4 12.8-12.8 12.8h-38.4c-6.4 0-12.8-6.4-12.8-12.8v-38.4zm0 96c0-6.4 6.4-12.8 12.8-12.8h38.4c6.4 0 12.8 6.4 12.8 12.8v38.4c0 6.4-6.4 12.8-12.8 12.8h-38.4c-6.4 0-12.8-6.4-12.8-12.8v-38.4zm-128-96c0-6.4 6.4-12.8 12.8-12.8h38.4c6.4 0 12.8 6.4 12.8 12.8v38.4c0 6.4-6.4 12.8-12.8 12.8h-38.4c-6.4 0-12.8-6.4-12.8-12.8v-38.4zM179.2 256h-38.4c-6.4 0-12.8-6.4-12.8-12.8v-38.4c0-6.4 6.4-12.8 12.8-12.8h38.4c6.4 0 12.8 6.4 12.8 12.8v38.4c0 6.4-6.4 12.8-12.8 12.8zM192 384c0-53.02 42.98-96 96-96s96 42.98 96 96H192zm256-140.8c0 6.4-6.4 12.8-12.8 12.8h-38.4c-6.4 0-12.8-6.4-12.8-12.8v-38.4c0-6.4 6.4-12.8 12.8-12.8h38.4c6.4 0 12.8 6.4 12.8 12.8v38.4zm0-96c0 6.4-6.4 12.8-12.8 12.8h-38.4c-6.4 0-12.8-6.4-12.8-12.8v-38.4c0-6.4 6.4-12.8 12.8-12.8h38.4c6.4 0 12.8 6.4 12.8 12.8v38.4z\"\/><\/svg><\/span><span class=\"kt-svg-icon-list-text\">Inclus dans tous nos s\u00e9jours de juillet et ao\u00fbt : m\u00e9nage quotidien, petit-d\u00e9jeuner riche de produits locaux servi le matin.<\/span><\/li>\n\n\n\n<li class=\"wp-block-kadence-listitem kt-svg-icon-list-item-wrap kt-svg-icon-list-item-_98e184-bf kt-svg-icon-list-level-1\"><span class=\"kb-svg-icon-wrap kb-svg-icon-fas_basketball-ball kt-svg-icon-list-single\"><svg viewBox=\"0 0 496 512\"  fill=\"currentColor\" xmlns=\"http:\/\/www.w3.org\/2000\/svg\" ><path d=\"M212.3 10.3c-43.8 6.3-86.2 24.1-122.2 53.8l77.4 77.4c27.8-35.8 43.3-81.2 44.8-131.2zM248 222L405.9 64.1c-42.4-35-93.6-53.5-145.5-56.1-1.2 63.9-21.5 122.3-58.7 167.7L248 222zM56.1 98.1c-29.7 36-47.5 78.4-53.8 122.2 50-1.5 95.5-17 131.2-44.8L56.1 98.1zm272.2 204.2c45.3-37.1 103.7-57.4 167.7-58.7-2.6-51.9-21.1-103.1-56.1-145.5L282 256l46.3 46.3zM248 290L90.1 447.9c42.4 34.9 93.6 53.5 145.5 56.1 1.3-64 21.6-122.4 58.7-167.7L248 290zm191.9 123.9c29.7-36 47.5-78.4 53.8-122.2-50.1 1.6-95.5 17.1-131.2 44.8l77.4 77.4zM167.7 209.7C122.3 246.9 63.9 267.3 0 268.4c2.6 51.9 21.1 103.1 56.1 145.5L214 256l-46.3-46.3zm116 292c43.8-6.3 86.2-24.1 122.2-53.8l-77.4-77.4c-27.7 35.7-43.2 81.2-44.8 131.2z\"\/><\/svg><\/span><span class=\"kt-svg-icon-list-text\">\u00c9quipement : table de ping-pong, loisirs (BD, mangas, jeux de soci\u00e9t\u00e9, d\u00e9guisements\u2026), \u00e9quipement b\u00e9b\u00e9 (chaise haute, lit b\u00e9b\u00e9\u2026)\u2026<\/span><\/li>\n\n\n<style>.kt-svg-icon-list-item-_bf1df9-d5 .kt-svg-icon-list-single{font-size:47px !important;}<\/style>\n<li class=\"wp-block-kadence-listitem kt-svg-icon-list-item-wrap kt-svg-icon-list-item-_bf1df9-d5 kt-svg-icon-list-level-1\"><span class=\"kb-svg-icon-wrap kb-svg-icon-fas_bicycle kt-svg-icon-list-single\"><svg viewBox=\"0 0 640 512\"  fill=\"currentColor\" xmlns=\"http:\/\/www.w3.org\/2000\/svg\" ><path d=\"M512.509 192.001c-16.373-.064-32.03 2.955-46.436 8.495l-77.68-125.153A24 24 0 0 0 368.001 64h-64c-8.837 0-16 7.163-16 16v16c0 8.837 7.163 16 16 16h50.649l14.896 24H256.002v-16c0-8.837-7.163-16-16-16h-87.459c-13.441 0-24.777 10.999-24.536 24.437.232 13.044 10.876 23.563 23.995 23.563h48.726l-29.417 47.52c-13.433-4.83-27.904-7.483-42.992-7.52C58.094 191.83.412 249.012.002 319.236-.413 390.279 57.055 448 128.002 448c59.642 0 109.758-40.793 123.967-96h52.033a24 24 0 0 0 20.406-11.367L410.37 201.77l14.938 24.067c-25.455 23.448-41.385 57.081-41.307 94.437.145 68.833 57.899 127.051 126.729 127.719 70.606.685 128.181-55.803 129.255-125.996 1.086-70.941-56.526-129.72-127.476-129.996zM186.75 265.772c9.727 10.529 16.673 23.661 19.642 38.228h-43.306l23.664-38.228zM128.002 400c-44.112 0-80-35.888-80-80s35.888-80 80-80c5.869 0 11.586.653 17.099 1.859l-45.505 73.509C89.715 331.327 101.213 352 120.002 352h81.3c-12.37 28.225-40.562 48-73.3 48zm162.63-96h-35.624c-3.96-31.756-19.556-59.894-42.383-80.026L237.371 184h127.547l-74.286 120zm217.057 95.886c-41.036-2.165-74.049-35.692-75.627-76.755-.812-21.121 6.633-40.518 19.335-55.263l44.433 71.586c4.66 7.508 14.524 9.816 22.032 5.156l13.594-8.437c7.508-4.66 9.817-14.524 5.156-22.032l-44.468-71.643a79.901 79.901 0 0 1 19.858-2.497c44.112 0 80 35.888 80 80-.001 45.54-38.252 82.316-84.313 79.885z\"\/><\/svg><\/span><span class=\"kt-svg-icon-list-text\">Hossegor est particuli\u00e8rement adapt\u00e9 \u00e0 l&#8217;usage du v\u00e9lo. Selon vos besoins nous nous occupons de votre r\u00e9servation et de la livraison des v\u00e9los directement \u00e0 la villa.<\/span><\/li>\n\n\n\n<li class=\"wp-block-kadence-listitem kt-svg-icon-list-item-wrap kt-svg-icon-list-item-_4c5cbc-67 kt-svg-icon-list-level-1\"><span class=\"kb-svg-icon-wrap kb-svg-icon-fas_swimming-pool kt-svg-icon-list-single\"><svg viewBox=\"0 0 640 512\"  fill=\"currentColor\" xmlns=\"http:\/\/www.w3.org\/2000\/svg\" ><path d=\"M624 416h-16c-26.04 0-45.8-8.42-56.09-17.9-8.9-8.21-19.66-14.1-31.77-14.1h-16.3c-12.11 0-22.87 5.89-31.77 14.1C461.8 407.58 442.04 416 416 416s-45.8-8.42-56.09-17.9c-8.9-8.21-19.66-14.1-31.77-14.1h-16.3c-12.11 0-22.87 5.89-31.77 14.1C269.8 407.58 250.04 416 224 416s-45.8-8.42-56.09-17.9c-8.9-8.21-19.66-14.1-31.77-14.1h-16.3c-12.11 0-22.87 5.89-31.77 14.1C77.8 407.58 58.04 416 32 416H16c-8.84 0-16 7.16-16 16v32c0 8.84 7.16 16 16 16h16c38.62 0 72.72-12.19 96-31.84 23.28 19.66 57.38 31.84 96 31.84s72.72-12.19 96-31.84c23.28 19.66 57.38 31.84 96 31.84s72.72-12.19 96-31.84c23.28 19.66 57.38 31.84 96 31.84h16c8.84 0 16-7.16 16-16v-32c0-8.84-7.16-16-16-16zm-400-32v-96h192v96c19.12 0 30.86-6.16 34.39-9.42 9.17-8.46 19.2-14.34 29.61-18.07V128c0-17.64 14.36-32 32-32s32 14.36 32 32v16c0 8.84 7.16 16 16 16h32c8.84 0 16-7.16 16-16v-16c0-52.94-43.06-96-96-96s-96 43.06-96 96v96H224v-96c0-17.64 14.36-32 32-32s32 14.36 32 32v16c0 8.84 7.16 16 16 16h32c8.84 0 16-7.16 16-16v-16c0-52.94-43.06-96-96-96s-96 43.06-96 96v228.5c10.41 3.73 20.44 9.62 29.61 18.07 3.53 3.27 15.27 9.43 34.39 9.43z\"\/><\/svg><\/span><span class=\"kt-svg-icon-list-text\">Piscine chauff\u00e9e<\/span><\/li>\n<\/ul><\/div>\n\n\n\n<p><\/p>\n<\/div><\/div>\n\n\n\n<div class=\"wp-block-media-text alignwide has-media-on-the-right is-stacked-on-mobile\"><div class=\"wp-block-media-text__content\">\n<h2 class=\"wp-block-heading\">ACTIVIT\u00c9S<\/h2>\n\n\n\n<p><strong>LES PLAGES c\u00f4t\u00e9 Oc\u00e9an \/ c\u00f4t\u00e9 Lac<\/strong><\/p>\n\n\n\n<p>7 kilom\u00e8tres de&nbsp;<strong>plages<\/strong>&nbsp;oc\u00e9anes dont 4 sont surveill\u00e9es durant la saison estivale&nbsp;: la&nbsp;Centrale, la&nbsp;Gravi\u00e8re, la&nbsp;Sud&nbsp;et la&nbsp;plage naturiste&nbsp;\u00e9galement appel\u00e9e \u00ab&nbsp;la plage des culs nus&nbsp;\u00bb. Elles sont toutes fr\u00e9quent\u00e9es par les surfeurs mais la Gravi\u00e8re et la Nord sont les&nbsp;deux spots de surf&nbsp;ayant une notori\u00e9t\u00e9 internationale, notamment gr\u00e2ce \u00e0 leur configuration unique li\u00e9e \u00e0 la pr\u00e9sence du&nbsp;Gouf de Capbreton.<\/p>\n\n\n\n<p>Soumis \u00e0 la mar\u00e9e, le&nbsp;Lac d\u2019Hossegor<strong> <\/strong>\u00e9volue tout au long de la journ\u00e9e. Empruntez un chemin de&nbsp;<strong>randonn\u00e9e de 7,4 km<\/strong>&nbsp;pour faire le tour du lac et profitez-en pour admirer les nombreuses villas basco-landaises. En bonus, au bout du lac, des cabanes ostr\u00e9icoles vous attendent pour d\u00e9guster des&nbsp;<strong>hu\u00eetres d\u2019Hossegor<\/strong>&nbsp;autour d\u2019un petit verre de vin blanc.<\/p>\n\n\n\n<p>Soumis \u00e0 la mar\u00e9e, le&nbsp;Lac d\u2019Hossegor<strong> <\/strong>\u00e9volue tout au long de la journ\u00e9e. Empruntez un chemin de&nbsp;<strong>randonn\u00e9e de 7,4 km<\/strong>&nbsp;pour faire le tour du lac et profitez-en pour admirer les nombreuses villas basco-landaises. En bonus, au bout du lac, des cabanes ostr\u00e9icoles vous attendent pour d\u00e9guster des&nbsp;<strong>hu\u00eetres d\u2019Hossegor<\/strong>&nbsp;autour d\u2019un petit verre de vin blanc.<\/p>\n<\/div><figure class=\"wp-block-media-text__media\"><img loading=\"lazy\" decoding=\"async\" width=\"1024\" height=\"681\" src=\"http:\/\/villasciurus.fr\/wp-content\/uploads\/2023\/07\/0-1024x681.jpg\" alt=\"\" class=\"wp-image-200 size-full\" srcset=\"https:\/\/villasciurus.fr\/wp-content\/uploads\/2023\/07\/0-1024x681.jpg 1024w, https:\/\/villasciurus.fr\/wp-content\/uploads\/2023\/07\/0-300x200.jpg 300w, https:\/\/villasciurus.fr\/wp-content\/uploads\/2023\/07\/0-768x511.jpg 768w, https:\/\/villasciurus.fr\/wp-content\/uploads\/2023\/07\/0-1536x1021.jpg 1536w, https:\/\/villasciurus.fr\/wp-content\/uploads\/2023\/07\/0.jpg 2000w\" sizes=\"auto, (max-width: 1024px) 100vw, 1024px\" \/><\/figure><\/div>\n\n\n\n<div class=\"wp-block-media-text alignwide is-stacked-on-mobile\" style=\"grid-template-columns:24% auto\"><figure class=\"wp-block-media-text__media\"><img loading=\"lazy\" decoding=\"async\" width=\"172\" height=\"172\" src=\"http:\/\/villasciurus.fr\/wp-content\/uploads\/2023\/07\/6-1.jpg\" alt=\"\" class=\"wp-image-202 size-full\" srcset=\"https:\/\/villasciurus.fr\/wp-content\/uploads\/2023\/07\/6-1.jpg 172w, https:\/\/villasciurus.fr\/wp-content\/uploads\/2023\/07\/6-1-150x150.jpg 150w\" sizes=\"auto, (max-width: 172px) 100vw, 172px\" \/><\/figure><div class=\"wp-block-media-text__content\">\n<h2 class=\"wp-block-heading\">CLUBS POUR ENFANTS<\/h2>\n\n\n\n<p><strong>C\u00f4t\u00e9 oc\u00e9an des clubs de plage, pour apprendre \u00e0 nager :<\/strong><br>Club-plage-hossegor Club Plage Sud<br>Tel 06 29 62 15 81<\/p>\n\n\n\n<p><strong>C\u00f4t\u00e9 Lac :<\/strong><br>Club des p\u2019tits loups<br>Jeux collectifs, toboggans, ch\u00e2teaux gonflables, trampoline pour les petits<br>Tel 06 62 54 41 23<\/p>\n\n\n\n<p><strong>Club de Voile autour du lac<\/strong><br>Yacht Club Landais<br>\u00c9cole et Location de Voile, Kayaks et Stand Up Paddle<br>Tel : 05 58 43 96 48<\/p>\n\n\n\n<p><strong>PELOTE :<\/strong><br>Hossegor Ja\u00ef Ala\u00ef<br>Av. de Gaujacq<br>40150 Soorts-Hossegor<br>Tel : +33 5 58 43 54 12<br>https:\/\/www.hossegorjaialai.fr\/<br>On peut s\u2019initier \u00e0 la pelote basque avec un pelotari renomm\u00e9 dans cette salle Ja\u00ef Ala\u00ef qui se trouve juste \u00e0 c\u00f4t\u00e9 de la villa. Exp\u00e9rience unique et exceptionnelle.<\/p>\n<\/div><\/div>\n\n\n\n<div class=\"wp-block-media-text alignwide has-media-on-the-right is-stacked-on-mobile\"><div class=\"wp-block-media-text__content\">\n<p><strong>GOLF&nbsp;: Golf d\u2019Hossegor<\/strong><\/p>\n\n\n\n<p>Le golf d\u2019Hossegor figure parmi les 50 meilleurs golfs europ\u00e9ens. Un des plus beaux parcours fran\u00e7ais dans une nature exceptionnelle&nbsp;! Dessin\u00e9 par Arnaud Massy et John Morrison en 1927, le Golf d\u2019Hossegor a \u00e9t\u00e9 cr\u00e9\u00e9 au c\u0153ur de la ville, au milieu d\u2019une for\u00eat de pins et de ch\u00eanes-li\u00e8ges, sur un sol sablonneux \u00e0 l\u2019abri des vents, l\u00e9g\u00e8rement vallonn\u00e9, qui s\u2019offre toute l\u2019ann\u00e9e aux golfeurs de tous niveaux.<\/p>\n\n\n\n<p>Un parcours de 18 trous 4 \u00e9toiles de 5 797 m\u00e8tres, typiquement britannique dans son trac\u00e9, est le th\u00e9\u00e2tre d\u2019\u00e9v\u00e9nements nationaux et internationaux.<\/p>\n\n\n\n<p>Le club est aussi un acteur essentiel pour la formation de la jeune g\u00e9n\u00e9ration de champions made in Hossegor, le plus c\u00e9l\u00e8bre d\u2019entre eux \u00e9tant Jean Van de Velde.<\/p>\n\n\n\n<p><strong>Golf Club d\u2019Hossegor<br><\/strong>333, avenue du Golf<br>40150 HOSSEGOR<br>05.58.43.56.99<\/p>\n\n\n\n<p><\/p>\n<\/div><figure class=\"wp-block-media-text__media\"><img loading=\"lazy\" decoding=\"async\" width=\"1024\" height=\"667\" src=\"http:\/\/villasciurus.fr\/wp-content\/uploads\/2023\/07\/Hossegor-club-house-Restaurant-1024x667-1.jpg\" alt=\"\" class=\"wp-image-203 size-full\" srcset=\"https:\/\/villasciurus.fr\/wp-content\/uploads\/2023\/07\/Hossegor-club-house-Restaurant-1024x667-1.jpg 1024w, https:\/\/villasciurus.fr\/wp-content\/uploads\/2023\/07\/Hossegor-club-house-Restaurant-1024x667-1-300x195.jpg 300w, https:\/\/villasciurus.fr\/wp-content\/uploads\/2023\/07\/Hossegor-club-house-Restaurant-1024x667-1-768x500.jpg 768w\" sizes=\"auto, (max-width: 1024px) 100vw, 1024px\" \/><\/figure><\/div>\n\n\n\n<div class=\"wp-block-media-text alignwide is-stacked-on-mobile\"><figure class=\"wp-block-media-text__media\"><img loading=\"lazy\" decoding=\"async\" width=\"1000\" height=\"750\" src=\"http:\/\/villasciurus.fr\/wp-content\/uploads\/2023\/07\/Hossegor_2008_3.jpg\" alt=\"\" class=\"wp-image-204 size-full\" srcset=\"https:\/\/villasciurus.fr\/wp-content\/uploads\/2023\/07\/Hossegor_2008_3.jpg 1000w, https:\/\/villasciurus.fr\/wp-content\/uploads\/2023\/07\/Hossegor_2008_3-300x225.jpg 300w, https:\/\/villasciurus.fr\/wp-content\/uploads\/2023\/07\/Hossegor_2008_3-768x576.jpg 768w\" sizes=\"auto, (max-width: 1000px) 100vw, 1000px\" \/><\/figure><div class=\"wp-block-media-text__content\">\n<p><strong>SURF<\/strong><br>L&#8217;Hossegor Surf Club est ouvert toute l&#8217;ann\u00e9e, en fonction de votre niveau et de vos envies, vous d\u00e9couvrirez les meilleurs vagues de la r\u00e9gion : de la plage sud \u00e0 la plage sauvage, et le site exceptionnel du lac \u00e0 la plage blanche. Le club propose des cours de surf, de Stand-Up Paddle, du Yoga-SUP et de la location de mat\u00e9riel.&nbsp;<\/p>\n\n\n\n<p><strong>Hossegor Surf Club<\/strong><\/p>\n\n\n\n<p>22 Impasse de la Digue Nord<\/p>\n\n\n\n<p>40150&nbsp;HOSSEGOR<\/p>\n\n\n\n<p>Tel&nbsp;: +33 5 58 43 80 52<\/p>\n\n\n\n<p><strong>VELO<\/strong><br>La&nbsp;ville d\u2019Hossegor&nbsp;est travers\u00e9e par la c\u00e9l\u00e8bre&nbsp;V\u00e9lodyss\u00e9e&nbsp;\u00ae, le plus grand itin\u00e9raire cyclable am\u00e9nag\u00e9 de France qui d\u00e9marre en Norv\u00e8ge et se termine au Portugal. Baladez-vous en v\u00e9lo pour d\u00e9couvrir de fa\u00e7on \u00ab&nbsp;slow&nbsp;\u00bb la station et les communes alentour.&nbsp;<\/p>\n<\/div><\/div>\n\n\n\n<div class=\"wp-block-media-text alignwide has-media-on-the-right is-stacked-on-mobile\" style=\"grid-template-columns:auto 49%\"><div class=\"wp-block-media-text__content\">\n<p><strong>TENNIS :<\/strong><br>\u2022 Stages au Hossegor Tennis Club durant les vacances<br>\u2022 Le\u00e7ons individuelles et collectives pour les adultes et les enfants<\/p>\n\n\n\n<p>Hossegor Tennis club<br>36 Pl. du Stade<br>40150 Soorts-Hossegor<br>Tel : +33 7 68 45 70 00<br>https:\/\/hossegortennis.com\/<\/p>\n\n\n\n<p><strong>BROCANTE<\/strong><br>A la belle saison on peut d\u00e9couvrir une brocante tous les mardis au jardin public au bord du lac.<\/p>\n<\/div><figure class=\"wp-block-media-text__media\"><img loading=\"lazy\" decoding=\"async\" width=\"1024\" height=\"576\" src=\"http:\/\/villasciurus.fr\/wp-content\/uploads\/2023\/07\/20150714_081400_006-1024x576.jpg\" alt=\"\" class=\"wp-image-207 size-full\" srcset=\"https:\/\/villasciurus.fr\/wp-content\/uploads\/2023\/07\/20150714_081400_006-1024x576.jpg 1024w, https:\/\/villasciurus.fr\/wp-content\/uploads\/2023\/07\/20150714_081400_006-300x169.jpg 300w, https:\/\/villasciurus.fr\/wp-content\/uploads\/2023\/07\/20150714_081400_006-768x432.jpg 768w, https:\/\/villasciurus.fr\/wp-content\/uploads\/2023\/07\/20150714_081400_006-1536x864.jpg 1536w, https:\/\/villasciurus.fr\/wp-content\/uploads\/2023\/07\/20150714_081400_006.jpg 2048w\" sizes=\"auto, (max-width: 1024px) 100vw, 1024px\" \/><\/figure><\/div>\n\n\n<style>.kb-google-maps-container_1ce801-44{height:450px;}<\/style><div class=\"kb-google-maps-container kb-google-maps-container_1ce801-44  wp-block-kadence-googlemaps\" data-mapid=\"_1ce801-44\"><iframe width=\"100%\" height=\"100%\"\n\t\t\t\t\t\t\tstyle=\"border:0\" loading=\"lazy\"\n\t\t\t\t\t\t\tsrc=\"https:\/\/www.google.com\/maps\/embed\/v1\/place?key=AIzaSyBAM2o7PiQqwk15LC1XRH2e_KJ-jUa7KYk&#038;zoom=14&#038;maptype=roadmap&#038;q=190+avenue+des+Yuccas+40150+SOORTS-HOSSEGOR\"\n\t\t\t\t\t\t\ttitle=\"Google map of 190 avenue des Yuccas 40150 SOORTS-HOSSEGOR\"><\/iframe><\/div><script>function kb_google_map_1ce801_44() { let center = { lat: 37.8201, lng: -122.4781}; let map = new google.maps.Map(document.getElementById(\"kb-google-map_1ce801-44\"), {\n\t\t\t\t\t    zoom: 14,\n\t\t\t\t\t    center: center,});let marker = new google.maps.Marker({   position: { lat: 37.8201, lng: -122.4781},    map: map,  });}<\/script>\n\n\n<h2 class=\"wp-block-heading\">ACC\u00c8S<\/h2>\n\n\n\n<p><strong>Adresse maison&nbsp;:<br><\/strong>190 avenue Louis Gaume 40150 SOORTS HOSSEGOR<\/p>\n\n\n\n<p><strong>En Avion&nbsp;:<br><\/strong>L\u2019a\u00e9roport de Biarritz est \u00e0 40 minutes de la villa<\/p>\n\n\n\n<p><strong>En train&nbsp;:<br><\/strong>Depuis Paris, il faut 3 heures de train pour gagner la gare de DAX ou de BAYONNE ou de BIARRITZ qui sont les gares les plus proches de HOSSEGOR<\/p>\n\n\n\n<p><strong>En voiture&nbsp;:<br><\/strong>Hossegor est \u00e0 2 Heures de route de Bordeaux.<\/p>\n","protected":false},"excerpt":{"rendered":"<p>ACTIVIT\u00c9S LES PLAGES c\u00f4t\u00e9 Oc\u00e9an \/ c\u00f4t\u00e9 Lac 7 kilom\u00e8tres de&nbsp;plages&nbsp;oc\u00e9anes dont 4 sont surveill\u00e9es durant la saison estivale&nbsp;: la&nbsp;Centrale, la&nbsp;Gravi\u00e8re, la&nbsp;Sud&nbsp;et la&nbsp;plage naturiste&nbsp;\u00e9galement appel\u00e9e \u00ab&nbsp;la plage des culs nus&nbsp;\u00bb. Elles sont toutes fr\u00e9quent\u00e9es par les surfeurs mais la Gravi\u00e8re &hellip; <a href=\"https:\/\/villasciurus.fr\/index.php\/services\/\">Continued<\/a><\/p>\n","protected":false},"author":1,"featured_media":0,"parent":0,"menu_order":0,"comment_status":"closed","ping_status":"closed","template":"","meta":{"kt_blocks_editor_width":"","footnotes":""},"class_list":["post-27","page","type-page","status-publish","hentry"],"_links":{"self":[{"href":"https:\/\/villasciurus.fr\/index.php\/wp-json\/wp\/v2\/pages\/27","targetHints":{"allow":["GET"]}}],"collection":[{"href":"https:\/\/villasciurus.fr\/index.php\/wp-json\/wp\/v2\/pages"}],"about":[{"href":"https:\/\/villasciurus.fr\/index.php\/wp-json\/wp\/v2\/types\/page"}],"author":[{"embeddable":true,"href":"https:\/\/villasciurus.fr\/index.php\/wp-json\/wp\/v2\/users\/1"}],"replies":[{"embeddable":true,"href":"https:\/\/villasciurus.fr\/index.php\/wp-json\/wp\/v2\/comments?post=27"}],"version-history":[{"count":13,"href":"https:\/\/villasciurus.fr\/index.php\/wp-json\/wp\/v2\/pages\/27\/revisions"}],"predecessor-version":[{"id":324,"href":"https:\/\/villasciurus.fr\/index.php\/wp-json\/wp\/v2\/pages\/27\/revisions\/324"}],"wp:attachment":[{"href":"https:\/\/villasciurus.fr\/index.php\/wp-json\/wp\/v2\/media?parent=27"}],"curies":[{"name":"wp","href":"https:\/\/api.w.org\/{rel}","templated":true}]}}